{"id":993,"date":"2022-02-17T10:35:46","date_gmt":"2022-02-17T07:35:46","guid":{"rendered":"http:\/\/ipekoztarak.name.tr\/?page_id=993"},"modified":"2022-02-21T16:42:21","modified_gmt":"2022-02-21T13:42:21","slug":"kiklad-kayiklari","status":"publish","type":"page","link":"https:\/\/360derece.info\/en\/kiklad-kayiklari\/","title":{"rendered":"Kiklad Kay\u0131klar\u0131"},"content":{"rendered":"<style type=\"text\/css\" data-created_by=\"avia_inline_auto\" id=\"style-css-av-16mbc1-e62c5328f01bedb56d4b565437c8c972\">\n.avia-section.av-16mbc1-e62c5328f01bedb56d4b565437c8c972{\nbackground-repeat:no-repeat;\nbackground-image:url(https:\/\/360derece.info\/wp-content\/uploads\/2022\/02\/gokyuzu.jpg);\nbackground-position:50% 50%;\nbackground-attachment:scroll;\n}\n.avia-section.av-16mbc1-e62c5328f01bedb56d4b565437c8c972 .av-section-color-overlay{\nopacity:0.3;\nbackground-color:#000000;\n}\n<\/style>\n<div id='av_section_1'  class='avia-section av-16mbc1-e62c5328f01bedb56d4b565437c8c972 main_color avia-section-default avia-no-border-styling  avia-builder-el-0  el_before_av_one_half  avia-builder-el-first  avia-bg-style-scroll av-section-color-overlay-active container_wrap sidebar_right'  data-section-bg-repeat='no-repeat'><div class=\"av-section-color-overlay-wrap\"><div class=\"av-section-color-overlay\"><\/div><div class='container av-section-cont-open' ><main  role=\"main\" itemprop=\"mainContentOfPage\"  class='template-page content  av-content-small alpha units'><div class='post-entry post-entry-type-page post-entry-993'><div class='entry-content-wrapper clearfix'>\n\n<style type=\"text\/css\" data-created_by=\"avia_inline_auto\" id=\"style-css-av-kzqo19sx-b09524ee2dc1dd35b6fd942d8100b83f\">\n#top .av-special-heading.av-kzqo19sx-b09524ee2dc1dd35b6fd942d8100b83f{\npadding-bottom:10px;\ncolor:#ffffff;\n}\nbody .av-special-heading.av-kzqo19sx-b09524ee2dc1dd35b6fd942d8100b83f .av-special-heading-tag .heading-char{\nfont-size:25px;\n}\n.av-special-heading.av-kzqo19sx-b09524ee2dc1dd35b6fd942d8100b83f .special-heading-inner-border{\nborder-color:#ffffff;\n}\n.av-special-heading.av-kzqo19sx-b09524ee2dc1dd35b6fd942d8100b83f .av-subheading{\nfont-size:15px;\n}\n<\/style>\n<div  class='av-special-heading av-kzqo19sx-b09524ee2dc1dd35b6fd942d8100b83f av-special-heading-h1 custom-color-heading blockquote modern-quote modern-centered  avia-builder-el-1  avia-builder-el-no-sibling'><h1 class='av-special-heading-tag'  itemprop=\"headline\"  >REANIMATION OF CYCLADES BOATS<\/h1><div class=\"special-heading-border\"><div class=\"special-heading-inner-border\"><\/div><\/div><\/div>\n<\/div><\/div><\/main><!-- close content main element --><\/div><\/div><\/div><div id='after_section_1'  class='main_color av_default_container_wrap container_wrap sidebar_right'  ><div class='container av-section-cont-open' ><div class='template-page content  av-content-small alpha units'><div class='post-entry post-entry-type-page post-entry-993'><div class='entry-content-wrapper clearfix'>\n<div class='flex_column av-3s8bd-af86229372dfc5404c4ef3e70be1dffe av_one_half  avia-builder-el-2  el_after_av_section  el_before_av_one_half  avia-builder-el-first  first flex_column_div'   ><p>\n<style type=\"text\/css\" data-created_by=\"avia_inline_auto\" id=\"style-css-av-kzqo1npi-3d936d99c6bd681560e14430fc3673a1\">\n#top .av-special-heading.av-kzqo1npi-3d936d99c6bd681560e14430fc3673a1{\npadding-bottom:10px;\ncolor:#000000;\n}\nbody .av-special-heading.av-kzqo1npi-3d936d99c6bd681560e14430fc3673a1 .av-special-heading-tag .heading-char{\nfont-size:25px;\n}\n.av-special-heading.av-kzqo1npi-3d936d99c6bd681560e14430fc3673a1 .special-heading-inner-border{\nborder-color:#000000;\n}\n.av-special-heading.av-kzqo1npi-3d936d99c6bd681560e14430fc3673a1 .av-subheading{\nfont-size:15px;\n}\n<\/style>\n<div  class='av-special-heading av-kzqo1npi-3d936d99c6bd681560e14430fc3673a1 av-special-heading-h2 custom-color-heading blockquote modern-quote  avia-builder-el-3  el_before_av_textblock  avia-builder-el-first'><h2 class='av-special-heading-tag'  itemprop=\"headline\"  >WHAT ARE CYCLADE BOATS, AND WHY ARE THEY SO EXCITING?<\/h2><div class=\"special-heading-border\"><div class=\"special-heading-inner-border\"><\/div><\/div><\/div><br \/>\n\n<style type=\"text\/css\" data-created_by=\"avia_inline_auto\" id=\"style-css-av-kzqo21fs-13e0575939ecfd17b1558105b1f0aef1\">\n#top .av_textblock_section.av-kzqo21fs-13e0575939ecfd17b1558105b1f0aef1 .avia_textblock{\ncolor:#000000;\n}\n<\/style>\n<section  class='av_textblock_section av-kzqo21fs-13e0575939ecfd17b1558105b1f0aef1'  itemscope=\"itemscope\" itemtype=\"https:\/\/schema.org\/CreativeWork\" ><div class='avia_textblock av_inherit_color'  itemprop=\"text\" ><p style=\"text-align: left;\"><strong>Imagine an archipelago stretching majestically across the Aegean Sea, known as the Cyclades Islands\u2014where history and culture thrive. Archaeological discoveries have revealed that over four thousand five hundred years ago, these islands were intricately connected to the mainland, forming a vibrant trade and communication network. The Cycladic civilisation stood out as a beacon of cultural influence in the Aegean region, leaving a legacy that fascinates us today.<\/strong><\/p>\n<p style=\"text-align: left;\"><strong>Cyclade boats were the lifelines of these islands, essential for connecting them to the mainland. They also served as trade vessels, enabling the exchange of goods and ideas that shaped the essence of life in the ancient Aegean.<\/strong><\/p>\n<p style=\"text-align: left;\"><strong>This project embarks on an exhilarating journey to uncover how these remarkable boats facilitated a thriving network of commerce and communication, providing a unique glimpse into maritime practices during the early Bronze Age.<\/strong><\/p>\n<\/div><\/section><\/p><\/div>\n<div class='flex_column av-vd2ll-354107d5b44c17cec67594838c5e3ee8 av_one_half  avia-builder-el-5  el_after_av_one_half  el_before_av_hr  flex_column_div'   ><style type=\"text\/css\" data-created_by=\"avia_inline_auto\" id=\"style-css-av-kzqo0xaa-a2a901d5918dd3a0466b690a193a3873\">\n.avia-image-container.av-kzqo0xaa-a2a901d5918dd3a0466b690a193a3873 .av-image-caption-overlay-center{\ncolor:#ffffff;\n}\n<\/style>\n<div  class='avia-image-container av-kzqo0xaa-a2a901d5918dd3a0466b690a193a3873 av-styling- avia_animated_image avia_animate_when_almost_visible pop-up avia-align-center  avia-builder-el-6  avia-builder-el-no-sibling'  itemprop=\"image\" itemscope=\"itemscope\" itemtype=\"https:\/\/schema.org\/ImageObject\" ><div class=\"avia-image-container-inner\"><div class=\"avia-image-overlay-wrap\"><img decoding=\"async\" class='wp-image-999 avia-img-lazy-loading-not-999 avia_image' src=\"https:\/\/360derece.info\/wp-content\/uploads\/2022\/02\/Basliksiz-5-2.jpg\" alt='' title=''  height=\"1720\" width=\"2560\"  itemprop=\"thumbnailUrl\" srcset=\"https:\/\/360derece.info\/wp-content\/uploads\/2022\/02\/Basliksiz-5-2.jpg 2560w, https:\/\/360derece.info\/wp-content\/uploads\/2022\/02\/Basliksiz-5-2-300x202.jpg 300w, https:\/\/360derece.info\/wp-content\/uploads\/2022\/02\/Basliksiz-5-2-1030x692.jpg 1030w, https:\/\/360derece.info\/wp-content\/uploads\/2022\/02\/Basliksiz-5-2-768x516.jpg 768w, https:\/\/360derece.info\/wp-content\/uploads\/2022\/02\/Basliksiz-5-2-1536x1032.jpg 1536w, https:\/\/360derece.info\/wp-content\/uploads\/2022\/02\/Basliksiz-5-2-2048x1376.jpg 2048w, https:\/\/360derece.info\/wp-content\/uploads\/2022\/02\/Basliksiz-5-2-18x12.jpg 18w, https:\/\/360derece.info\/wp-content\/uploads\/2022\/02\/Basliksiz-5-2-1500x1008.jpg 1500w, https:\/\/360derece.info\/wp-content\/uploads\/2022\/02\/Basliksiz-5-2-705x474.jpg 705w\" sizes=\"(max-width: 2560px) 100vw, 2560px\" \/><\/div><\/div><\/div><\/div>\n\n<style type=\"text\/css\" data-created_by=\"avia_inline_auto\" id=\"style-css-av-kzqo2kmb-60f037c9e185bcad0eb7096ccc4bbf16\">\n#top .hr.av-kzqo2kmb-60f037c9e185bcad0eb7096ccc4bbf16{\nmargin-top:30px;\nmargin-bottom:30px;\n}\n.hr.av-kzqo2kmb-60f037c9e185bcad0eb7096ccc4bbf16 .hr-inner{\nwidth:800px;\nborder-color:#595959;\n}\n<\/style>\n<div  class='hr av-kzqo2kmb-60f037c9e185bcad0eb7096ccc4bbf16 hr-custom  avia-builder-el-7  el_after_av_one_half  el_before_av_one_half  hr-center hr-icon-no'><span class='hr-inner inner-border-av-border-fat'><span class=\"hr-inner-style\"><\/span><\/span><\/div>\n<div class='flex_column av-t7crd-2369c2fbb942cc188d450b0e74494cb3 av_one_half  avia-builder-el-8  el_after_av_hr  el_before_av_one_half  first flex_column_div'   ><style type=\"text\/css\" data-created_by=\"avia_inline_auto\" id=\"style-css-av-n5ydd-07d9242357ff748f77632ad22fade689\">\n.avia-image-container.av-n5ydd-07d9242357ff748f77632ad22fade689 .av-image-caption-overlay-center{\ncolor:#ffffff;\n}\n<\/style>\n<div  class='avia-image-container av-n5ydd-07d9242357ff748f77632ad22fade689 av-styling- avia_animated_image avia_animate_when_almost_visible pop-up avia-align-center  avia-builder-el-9  avia-builder-el-no-sibling'  itemprop=\"image\" itemscope=\"itemscope\" itemtype=\"https:\/\/schema.org\/ImageObject\" ><div class=\"avia-image-container-inner\"><div class=\"avia-image-overlay-wrap\"><img decoding=\"async\" class='wp-image-1001 avia-img-lazy-loading-not-1001 avia_image' src=\"https:\/\/360derece.info\/wp-content\/uploads\/2022\/02\/Basliksiz-2-3.jpg\" alt='' title=''  height=\"1720\" width=\"2560\"  itemprop=\"thumbnailUrl\" srcset=\"https:\/\/360derece.info\/wp-content\/uploads\/2022\/02\/Basliksiz-2-3.jpg 2560w, https:\/\/360derece.info\/wp-content\/uploads\/2022\/02\/Basliksiz-2-3-300x202.jpg 300w, https:\/\/360derece.info\/wp-content\/uploads\/2022\/02\/Basliksiz-2-3-1030x692.jpg 1030w, https:\/\/360derece.info\/wp-content\/uploads\/2022\/02\/Basliksiz-2-3-768x516.jpg 768w, https:\/\/360derece.info\/wp-content\/uploads\/2022\/02\/Basliksiz-2-3-1536x1032.jpg 1536w, https:\/\/360derece.info\/wp-content\/uploads\/2022\/02\/Basliksiz-2-3-2048x1376.jpg 2048w, https:\/\/360derece.info\/wp-content\/uploads\/2022\/02\/Basliksiz-2-3-18x12.jpg 18w, https:\/\/360derece.info\/wp-content\/uploads\/2022\/02\/Basliksiz-2-3-1500x1008.jpg 1500w, https:\/\/360derece.info\/wp-content\/uploads\/2022\/02\/Basliksiz-2-3-705x474.jpg 705w\" sizes=\"(max-width: 2560px) 100vw, 2560px\" \/><\/div><\/div><\/div><\/div>\n<div class='flex_column av-eciwh-c341a18f738b3046413d6c7db3c7da91 av_one_half  avia-builder-el-10  el_after_av_one_half  el_before_av_hr  flex_column_div'   ><p>\n<style type=\"text\/css\" data-created_by=\"avia_inline_auto\" id=\"style-css-av-kzqo40gj-8f23feb6f3ae9e64bc2cb53e4f7ac04d\">\n#top .av-special-heading.av-kzqo40gj-8f23feb6f3ae9e64bc2cb53e4f7ac04d{\npadding-bottom:10px;\ncolor:#000000;\n}\nbody .av-special-heading.av-kzqo40gj-8f23feb6f3ae9e64bc2cb53e4f7ac04d .av-special-heading-tag .heading-char{\nfont-size:25px;\n}\n.av-special-heading.av-kzqo40gj-8f23feb6f3ae9e64bc2cb53e4f7ac04d .special-heading-inner-border{\nborder-color:#000000;\n}\n.av-special-heading.av-kzqo40gj-8f23feb6f3ae9e64bc2cb53e4f7ac04d .av-subheading{\nfont-size:15px;\n}\n<\/style>\n<div  class='av-special-heading av-kzqo40gj-8f23feb6f3ae9e64bc2cb53e4f7ac04d av-special-heading-h2 custom-color-heading blockquote modern-quote modern-right  avia-builder-el-11  el_before_av_textblock  avia-builder-el-first'><h2 class='av-special-heading-tag'  itemprop=\"headline\"  >WHAT KIND OF BOAT IS BEING BUILT?WHAT KIND OF BOATS ARE BEING MANUFACTURED?<\/h2><div class=\"special-heading-border\"><div class=\"special-heading-inner-border\"><\/div><\/div><\/div><br \/>\n\n<style type=\"text\/css\" data-created_by=\"avia_inline_auto\" id=\"style-css-av-kzqo48rb-1a864c76f7f33c17b7dd401a3d9c516f\">\n#top .av_textblock_section.av-kzqo48rb-1a864c76f7f33c17b7dd401a3d9c516f .avia_textblock{\ncolor:#000000;\n}\n<\/style>\n<section  class='av_textblock_section av-kzqo48rb-1a864c76f7f33c17b7dd401a3d9c516f'  itemscope=\"itemscope\" itemtype=\"https:\/\/schema.org\/CreativeWork\" ><div class='avia_textblock av_inherit_color'  itemprop=\"text\" ><p style=\"text-align: right;\"><strong>While the original designs remain mysterious, stunning depictions on rock reliefs and ceramics have inspired our undertaking. <\/strong><br \/>\n<strong>In the spirit of revival, we are constructing three incredible boats for the Reanimation Project: one measuring an impressive 14 meters and two grand vessels stretching 19 meters long! The most remarkable feature of these boats lies in the ingenious use of plant fibres to bind the wooden layers after placing the keel\u2014an ancient technique that brings history to life in an exciting way.<\/strong><\/p>\n<p style=\"text-align: right;\"><strong>The fruits of our labour from the Reanimation of Cyclades Boats Project were dramatically showcased from May 23 to October 31, 2011, at the \u201cFrom Coast to Coast \u2013 3000 BC Cyclades Islands and Western Anatolia\u201d exhibition at the Sakip Sabanci Museum. Ertugrul Gunay, the Minister of Culture and Tourism of the Republic of Turkey, and Pavlos Gerulanos, the Minister of Culture and Tourism of Greece, graced this spectacular event. Their attendance marked a meaningful celebration of our shared heritage and the adventure of rediscovering the past!<\/strong><\/p>\n<\/div><\/section><\/p><\/div>\n\n<style type=\"text\/css\" data-created_by=\"avia_inline_auto\" id=\"style-css-av-7u335-ce5c4c3c7484566781f934938bc08ef9\">\n#top .hr.av-7u335-ce5c4c3c7484566781f934938bc08ef9{\nmargin-top:30px;\nmargin-bottom:30px;\n}\n.hr.av-7u335-ce5c4c3c7484566781f934938bc08ef9 .hr-inner{\nwidth:800px;\nborder-color:#595959;\n}\n<\/style>\n<div  class='hr av-7u335-ce5c4c3c7484566781f934938bc08ef9 hr-custom  avia-builder-el-13  el_after_av_one_half  el_before_av_textblock  hr-center hr-icon-no'><span class='hr-inner inner-border-av-border-fat'><span class=\"hr-inner-style\"><\/span><\/span><\/div>\n\n<style type=\"text\/css\" data-created_by=\"avia_inline_auto\" id=\"style-css-av-kzqo579v-787c50052f3479c6b9df991955f650a0\">\n#top .av_textblock_section.av-kzqo579v-787c50052f3479c6b9df991955f650a0 .avia_textblock{\ncolor:#000000;\n}\n<\/style>\n<section  class='av_textblock_section av-kzqo579v-787c50052f3479c6b9df991955f650a0'  itemscope=\"itemscope\" itemtype=\"https:\/\/schema.org\/CreativeWork\" ><div class='avia_textblock av_inherit_color'  itemprop=\"text\" ><p style=\"text-align: center;\"><strong>Project Partners<\/strong><\/p>\n<p style=\"text-align: center;\">\u2022 Yunanistan K\u00fclt\u00fcr ve Turizm Bakanl\u0131\u011f\u0131, \u2022 Atina Milli Arkeoloji M\u00fczesi, \u2022 N. P. Goulandris Vakf\u0131 Kiklad Sanat\u0131 M\u00fczesi, \u2022 Ankara \u00dcniversitesi<\/p>\n<\/div><\/section>\n<\/div><\/div><\/div><!-- close content main div --><\/div><\/div><div id='full_slider_1'  class='avia-fullwidth-slider main_color avia-shadow   avia-builder-el-15  el_after_av_textblock  avia-builder-el-last   slider-not-first container_wrap sidebar_right'  ><div  class='avia-slideshow av-kzqxzgdt-6fa244a11ccacc1c8d8ddbdb13499f17 av-control-default avia-slideshow-large av_slideshow_full avia-slide-slider av-default-height-applied  image_no_stretch avia-slideshow-1'  data-size='large'  data-lightbox_size='large'  data-animation='slide'  data-conditional_play=''  data-ids='1150,1151,1152,1153,1452'  data-video_counter='0'  data-autoplay='true'  data-bg_slider='false'  data-slide_height=''  data-handle='av_slideshow_full'  data-interval='4'  data-class=''  data-extra_class=' image_no_stretch'  data-el_id=''  data-css_id=''  data-scroll_down=''  data-control_layout='av-control-default'  data-custom_markup=''  data-perma_caption=''  data-autoplay_stopper=''  data-image_attachment=''  data-min_height='0px'  data-lazy_loading='disabled'  data-default-height='67.184466019417'  data-stretch='image_no_stretch'  data-src=''  data-position='top left'  data-repeat='no-repeat'  data-attach='scroll'  data-img_scrset=''  data-av-desktop-hide=''  data-av-medium-hide=''  data-av-small-hide=''  data-av-mini-hide=''  data-id=''  data-custom_class=''  data-template_class=''  data-av_uid='av-kzqxzgdt'  data-sc_version='1.0'  data-heading_tag=''  data-heading_class=''   itemprop=\"image\" itemscope=\"itemscope\" itemtype=\"https:\/\/schema.org\/ImageObject\" ><ul class='avia-slideshow-inner' style='padding-bottom: 67.184466019417%;'><li  class='avia-slideshow-slide av-kzqxzgdt-6fa244a11ccacc1c8d8ddbdb13499f17__0  slide-1' ><div data-rel='slideshow-1' class='avia-slide-wrap'   ><img decoding=\"async\" class=\"wp-image-1150 avia-img-lazy-loading-not-1150\"  src=\"https:\/\/360derece.info\/wp-content\/uploads\/2022\/02\/Basliksiz-3-10-1030x692.jpg\" width=\"1030\" height=\"692\" title='' alt=''  itemprop=\"thumbnailUrl\" srcset=\"https:\/\/360derece.info\/wp-content\/uploads\/2022\/02\/Basliksiz-3-10-1030x692.jpg 1030w, https:\/\/360derece.info\/wp-content\/uploads\/2022\/02\/Basliksiz-3-10-300x202.jpg 300w, https:\/\/360derece.info\/wp-content\/uploads\/2022\/02\/Basliksiz-3-10-768x516.jpg 768w, https:\/\/360derece.info\/wp-content\/uploads\/2022\/02\/Basliksiz-3-10-1536x1032.jpg 1536w, https:\/\/360derece.info\/wp-content\/uploads\/2022\/02\/Basliksiz-3-10-2048x1376.jpg 2048w, https:\/\/360derece.info\/wp-content\/uploads\/2022\/02\/Basliksiz-3-10-18x12.jpg 18w, https:\/\/360derece.info\/wp-content\/uploads\/2022\/02\/Basliksiz-3-10-1500x1008.jpg 1500w, https:\/\/360derece.info\/wp-content\/uploads\/2022\/02\/Basliksiz-3-10-705x474.jpg 705w\" sizes=\"(max-width: 1030px) 100vw, 1030px\" \/><\/div><\/li><li  class='avia-slideshow-slide av-kzqxzgdt-6fa244a11ccacc1c8d8ddbdb13499f17__1  slide-2' ><div data-rel='slideshow-1' class='avia-slide-wrap'   ><img decoding=\"async\" class=\"wp-image-1151 avia-img-lazy-loading-not-1151\"  src=\"https:\/\/360derece.info\/wp-content\/uploads\/2022\/02\/Basliksiz-4-8-1030x692.jpg\" width=\"1030\" height=\"692\" title='' alt=''  itemprop=\"thumbnailUrl\" srcset=\"https:\/\/360derece.info\/wp-content\/uploads\/2022\/02\/Basliksiz-4-8-1030x692.jpg 1030w, https:\/\/360derece.info\/wp-content\/uploads\/2022\/02\/Basliksiz-4-8-300x202.jpg 300w, https:\/\/360derece.info\/wp-content\/uploads\/2022\/02\/Basliksiz-4-8-768x516.jpg 768w, https:\/\/360derece.info\/wp-content\/uploads\/2022\/02\/Basliksiz-4-8-1536x1032.jpg 1536w, https:\/\/360derece.info\/wp-content\/uploads\/2022\/02\/Basliksiz-4-8-2048x1376.jpg 2048w, https:\/\/360derece.info\/wp-content\/uploads\/2022\/02\/Basliksiz-4-8-18x12.jpg 18w, https:\/\/360derece.info\/wp-content\/uploads\/2022\/02\/Basliksiz-4-8-1500x1008.jpg 1500w, https:\/\/360derece.info\/wp-content\/uploads\/2022\/02\/Basliksiz-4-8-705x474.jpg 705w\" sizes=\"(max-width: 1030px) 100vw, 1030px\" \/><\/div><\/li><li  class='avia-slideshow-slide av-kzqxzgdt-6fa244a11ccacc1c8d8ddbdb13499f17__2  slide-3' ><div data-rel='slideshow-1' class='avia-slide-wrap'   ><img decoding=\"async\" class=\"wp-image-1152 avia-img-lazy-loading-not-1152\"  src=\"https:\/\/360derece.info\/wp-content\/uploads\/2022\/02\/Basliksiz-6-6-1030x692.jpg\" width=\"1030\" height=\"692\" title='' alt=''  itemprop=\"thumbnailUrl\" srcset=\"https:\/\/360derece.info\/wp-content\/uploads\/2022\/02\/Basliksiz-6-6-1030x692.jpg 1030w, https:\/\/360derece.info\/wp-content\/uploads\/2022\/02\/Basliksiz-6-6-300x202.jpg 300w, https:\/\/360derece.info\/wp-content\/uploads\/2022\/02\/Basliksiz-6-6-768x516.jpg 768w, https:\/\/360derece.info\/wp-content\/uploads\/2022\/02\/Basliksiz-6-6-1536x1032.jpg 1536w, https:\/\/360derece.info\/wp-content\/uploads\/2022\/02\/Basliksiz-6-6-2048x1376.jpg 2048w, https:\/\/360derece.info\/wp-content\/uploads\/2022\/02\/Basliksiz-6-6-18x12.jpg 18w, https:\/\/360derece.info\/wp-content\/uploads\/2022\/02\/Basliksiz-6-6-1500x1008.jpg 1500w, https:\/\/360derece.info\/wp-content\/uploads\/2022\/02\/Basliksiz-6-6-705x474.jpg 705w\" sizes=\"(max-width: 1030px) 100vw, 1030px\" \/><\/div><\/li><li  class='avia-slideshow-slide av-kzqxzgdt-6fa244a11ccacc1c8d8ddbdb13499f17__3  slide-4' ><div data-rel='slideshow-1' class='avia-slide-wrap'   ><img decoding=\"async\" class=\"wp-image-1153 avia-img-lazy-loading-not-1153\"  src=\"https:\/\/360derece.info\/wp-content\/uploads\/2022\/02\/Basliksiz-7-5-1030x692.jpg\" width=\"1030\" height=\"692\" title='' alt=''  itemprop=\"thumbnailUrl\" srcset=\"https:\/\/360derece.info\/wp-content\/uploads\/2022\/02\/Basliksiz-7-5-1030x692.jpg 1030w, https:\/\/360derece.info\/wp-content\/uploads\/2022\/02\/Basliksiz-7-5-300x202.jpg 300w, https:\/\/360derece.info\/wp-content\/uploads\/2022\/02\/Basliksiz-7-5-768x516.jpg 768w, https:\/\/360derece.info\/wp-content\/uploads\/2022\/02\/Basliksiz-7-5-1536x1032.jpg 1536w, https:\/\/360derece.info\/wp-content\/uploads\/2022\/02\/Basliksiz-7-5-2048x1376.jpg 2048w, https:\/\/360derece.info\/wp-content\/uploads\/2022\/02\/Basliksiz-7-5-18x12.jpg 18w, https:\/\/360derece.info\/wp-content\/uploads\/2022\/02\/Basliksiz-7-5-1500x1008.jpg 1500w, https:\/\/360derece.info\/wp-content\/uploads\/2022\/02\/Basliksiz-7-5-705x474.jpg 705w\" sizes=\"(max-width: 1030px) 100vw, 1030px\" \/><\/div><\/li><li  class='avia-slideshow-slide av-kzqxzgdt-6fa244a11ccacc1c8d8ddbdb13499f17__4  slide-5' ><div data-rel='slideshow-1' class='avia-slide-wrap'   ><img decoding=\"async\" class=\"wp-image-1452 avia-img-lazy-loading-not-1452\"  src=\"https:\/\/360derece.info\/wp-content\/uploads\/2022\/02\/Basliksiz-8-9-1030x692.jpg\" width=\"1030\" height=\"692\" title='' alt=''  itemprop=\"thumbnailUrl\" srcset=\"https:\/\/360derece.info\/wp-content\/uploads\/2022\/02\/Basliksiz-8-9-1030x692.jpg 1030w, https:\/\/360derece.info\/wp-content\/uploads\/2022\/02\/Basliksiz-8-9-300x202.jpg 300w, https:\/\/360derece.info\/wp-content\/uploads\/2022\/02\/Basliksiz-8-9-768x516.jpg 768w, https:\/\/360derece.info\/wp-content\/uploads\/2022\/02\/Basliksiz-8-9-1536x1032.jpg 1536w, https:\/\/360derece.info\/wp-content\/uploads\/2022\/02\/Basliksiz-8-9-2048x1376.jpg 2048w, https:\/\/360derece.info\/wp-content\/uploads\/2022\/02\/Basliksiz-8-9-18x12.jpg 18w, https:\/\/360derece.info\/wp-content\/uploads\/2022\/02\/Basliksiz-8-9-1500x1008.jpg 1500w, https:\/\/360derece.info\/wp-content\/uploads\/2022\/02\/Basliksiz-8-9-705x474.jpg 705w\" sizes=\"(max-width: 1030px) 100vw, 1030px\" \/><\/div><\/li><\/ul><div class='avia-slideshow-arrows avia-slideshow-controls' ><a href='#prev' class='prev-slide' aria-hidden='true' data-av_icon='\ue87c' data-av_iconfont='entypo-fontello'  tabindex='-1'>Previous<\/a><a href='#next' class='next-slide' aria-hidden='true' data-av_icon='\ue87d' data-av_iconfont='entypo-fontello'  tabindex='-1'>Next<\/a><\/div><div class='avia-slideshow-dots avia-slideshow-controls'><a href='#1' class='goto-slide active' >1<\/a><a href='#2' class='goto-slide' >2<\/a><a href='#3' class='goto-slide' >3<\/a><a href='#4' class='goto-slide' >4<\/a><a href='#5' class='goto-slide' >5<\/a><\/div><\/div><\/div>","protected":false},"excerpt":{"rendered":"","protected":false},"author":1,"featured_media":0,"parent":0,"menu_order":0,"comment_status":"closed","ping_status":"closed","template":"","meta":{"footnotes":""},"class_list":["post-993","page","type-page","status-publish","hentry"],"_links":{"self":[{"href":"https:\/\/360derece.info\/en\/wp-json\/wp\/v2\/pages\/993","targetHints":{"allow":["GET"]}}],"collection":[{"href":"https:\/\/360derece.info\/en\/wp-json\/wp\/v2\/pages"}],"about":[{"href":"https:\/\/360derece.info\/en\/wp-json\/wp\/v2\/types\/page"}],"author":[{"embeddable":true,"href":"https:\/\/360derece.info\/en\/wp-json\/wp\/v2\/users\/1"}],"replies":[{"embeddable":true,"href":"https:\/\/360derece.info\/en\/wp-json\/wp\/v2\/comments?post=993"}],"version-history":[{"count":10,"href":"https:\/\/360derece.info\/en\/wp-json\/wp\/v2\/pages\/993\/revisions"}],"predecessor-version":[{"id":1453,"href":"https:\/\/360derece.info\/en\/wp-json\/wp\/v2\/pages\/993\/revisions\/1453"}],"wp:attachment":[{"href":"https:\/\/360derece.info\/en\/wp-json\/wp\/v2\/media?parent=993"}],"curies":[{"name":"wp","href":"https:\/\/api.w.org\/{rel}","templated":true}]}}