{"id":847,"date":"2022-02-14T15:36:47","date_gmt":"2022-02-14T12:36:47","guid":{"rendered":"http:\/\/ipekoztarak.name.tr\/?page_id=847"},"modified":"2022-03-11T16:44:05","modified_gmt":"2022-03-11T13:44:05","slug":"muze-projeleri","status":"publish","type":"page","link":"https:\/\/360derece.info\/en\/muze-projeleri\/","title":{"rendered":"Museum projects"},"content":{"rendered":"<div class='flex_column av-kbppb-5c69403e185896043f6d9585efa9fa9a av_one_full  avia-builder-el-0  el_before_av_one_full  avia-builder-el-first  first flex_column_div'   ><style type=\"text\/css\" data-created_by=\"avia_inline_auto\" id=\"style-css-av-kzmokv8e-531ba90799c8441d05553ae0c27040ed\">\n#top .av-special-heading.av-kzmokv8e-531ba90799c8441d05553ae0c27040ed{\npadding-bottom:10px;\n}\nbody .av-special-heading.av-kzmokv8e-531ba90799c8441d05553ae0c27040ed .av-special-heading-tag .heading-char{\nfont-size:25px;\n}\n.av-special-heading.av-kzmokv8e-531ba90799c8441d05553ae0c27040ed .av-subheading{\nfont-size:15px;\n}\n<\/style>\n<div  class='av-special-heading av-kzmokv8e-531ba90799c8441d05553ae0c27040ed av-special-heading-h1 blockquote modern-quote modern-centered  avia-builder-el-1  avia-builder-el-no-sibling'><h1 class='av-special-heading-tag'  itemprop=\"headline\"  >MUSEUM PROJECTS<\/h1><div class=\"special-heading-border\"><div class=\"special-heading-inner-border\"><\/div><\/div><\/div><\/div>\n<div class='flex_column av-ciw4v-62db4aa6cb2b69b30609e84c34f60025 av_one_full  avia-builder-el-2  el_after_av_one_full  el_before_av_one_fourth  first flex_column_div column-top-margin'   ><style type=\"text\/css\" data-created_by=\"avia_inline_auto\" id=\"style-css-av-uotj-0eaeb702205d44ba94af110d95811008\">\n#top .av_textblock_section.av-uotj-0eaeb702205d44ba94af110d95811008 .avia_textblock{\ncolor:#000000;\n}\n<\/style>\n<section  class='av_textblock_section av-uotj-0eaeb702205d44ba94af110d95811008'  itemscope=\"itemscope\" itemtype=\"https:\/\/schema.org\/CreativeWork\" ><div class='avia_textblock av_inherit_color'  itemprop=\"text\" ><p style=\"text-align: center;\"><strong>\u00dclkemizin kurulu oldu\u011fu topraklar tarih a\u00e7\u0131s\u0131ndan zengin bunu biliyoruz. Peki ya yeterince koruma yap\u0131labiliyor mu? Eskiyi koruyarak, ayd\u0131nlatarak bug\u00fcn\u00fc daha iyi anlayaca\u011f\u0131m\u0131z\u0131 biliyoruz. Bu kapsamda iki \u00f6nemli yerde \u00e7al\u0131\u015ft\u0131k. Te\u015fhir unsurlar\u0131n\u0131, replika \u00fcretmenin inceliklerini \u00e7ok \u00e7al\u0131\u015ft\u0131k. Bug\u00fcnlerde de bu mekanlar\u0131n ziyaret\u00e7i g\u00f6z\u00fcyle nas\u0131l tasarlanmas\u0131 gerekti\u011fine kafa yoruyoruz. Uluslararas\u0131 e\u011fitimler al\u0131yor, kendimizi bir sonraki m\u00fcze projesine haz\u0131rl\u0131yoruz.<\/strong><\/p>\n<\/div><\/section><\/div>\n<div class='flex_column av-rpn07-99fd86fb6e46c605fb2440467fa0220b av_one_fourth  avia-builder-el-4  el_after_av_one_full  el_before_av_one_fourth  first flex_column_div column-top-margin'   ><\/div>\n<div class='flex_column av-l4zpr-0c55b4127fc75a4504f92227ec336f5a av_one_fourth  avia-builder-el-5  el_after_av_one_fourth  el_before_av_one_fourth  flex_column_div column-top-margin'   ><style type=\"text\/css\" data-created_by=\"avia_inline_auto\" id=\"style-css-av-kzmov52e-e109b5d4fb1956ed3aa8721c3d7f819a\">\n.avia-image-container.av-kzmov52e-e109b5d4fb1956ed3aa8721c3d7f819a .av-caption-image-overlay-bg{\nopacity:0.3;\nbackground-color:#000000;\n}\n.avia-image-container.av-kzmov52e-e109b5d4fb1956ed3aa8721c3d7f819a .av-image-caption-overlay-center{\ncolor:#ffffff;\n}\n<\/style>\n<div  class='avia-image-container av-kzmov52e-e109b5d4fb1956ed3aa8721c3d7f819a av-styling- avia-align-center  avia-builder-el-6  avia-builder-el-no-sibling  noHover av-overlay-hover-deactivate'  itemprop=\"image\" itemscope=\"itemscope\" itemtype=\"https:\/\/schema.org\/ImageObject\" ><div class=\"avia-image-container-inner\"><div class=\"avia-image-overlay-wrap\"><a href=\"https:\/\/360derece.info\/en\/alanya-tersanesi\/\" class='avia_image' ><div class=\"av-image-caption-overlay\"><div class=\"av-caption-image-overlay-bg\"><\/div><div class=\"av-image-caption-overlay-position\"><div class=\"av-image-caption-overlay-center\"><p>\u2981 Alanya Tersanesi Denizcilik ve Gemicilik M\u00fczesi<\/p>\n<\/div><\/div><\/div><img decoding=\"async\" class='wp-image-1038 avia-img-lazy-loading-not-1038 avia_image' src=\"https:\/\/360derece.info\/wp-content\/uploads\/2022\/02\/Basliksiz-1-6.jpg\" alt='' title=''  height=\"1720\" width=\"2560\"  itemprop=\"thumbnailUrl\" srcset=\"https:\/\/360derece.info\/wp-content\/uploads\/2022\/02\/Basliksiz-1-6.jpg 2560w, https:\/\/360derece.info\/wp-content\/uploads\/2022\/02\/Basliksiz-1-6-300x202.jpg 300w, https:\/\/360derece.info\/wp-content\/uploads\/2022\/02\/Basliksiz-1-6-1030x692.jpg 1030w, https:\/\/360derece.info\/wp-content\/uploads\/2022\/02\/Basliksiz-1-6-768x516.jpg 768w, https:\/\/360derece.info\/wp-content\/uploads\/2022\/02\/Basliksiz-1-6-1536x1032.jpg 1536w, https:\/\/360derece.info\/wp-content\/uploads\/2022\/02\/Basliksiz-1-6-2048x1376.jpg 2048w, https:\/\/360derece.info\/wp-content\/uploads\/2022\/02\/Basliksiz-1-6-18x12.jpg 18w, https:\/\/360derece.info\/wp-content\/uploads\/2022\/02\/Basliksiz-1-6-1500x1008.jpg 1500w, https:\/\/360derece.info\/wp-content\/uploads\/2022\/02\/Basliksiz-1-6-705x474.jpg 705w\" sizes=\"(max-width: 2560px) 100vw, 2560px\" \/><\/a><\/div><\/div><\/div><\/div><div class='flex_column av-gmw2f-cd5d03d7a643513734d44f807cb4094f av_one_fourth  avia-builder-el-7  el_after_av_one_fourth  el_before_av_one_fourth  flex_column_div column-top-margin'   ><style type=\"text\/css\" data-created_by=\"avia_inline_auto\" id=\"style-css-av-kzmovde9-c864c75259678f6b9c8191664aafd7cf\">\n.avia-image-container.av-kzmovde9-c864c75259678f6b9c8191664aafd7cf .av-caption-image-overlay-bg{\nopacity:0.3;\nbackground-color:#000000;\n}\n.avia-image-container.av-kzmovde9-c864c75259678f6b9c8191664aafd7cf .av-image-caption-overlay-center{\ncolor:#ffffff;\n}\n<\/style>\n<div  class='avia-image-container av-kzmovde9-c864c75259678f6b9c8191664aafd7cf av-styling- avia-align-center  avia-builder-el-8  avia-builder-el-no-sibling  noHover av-overlay-hover-deactivate'  itemprop=\"image\" itemscope=\"itemscope\" itemtype=\"https:\/\/schema.org\/ImageObject\" ><div class=\"avia-image-container-inner\"><div class=\"avia-image-overlay-wrap\"><a href=\"https:\/\/360derece.info\/en\/likya-uygarliklari\/\" class='avia_image' ><div class=\"av-image-caption-overlay\"><div class=\"av-caption-image-overlay-bg\"><\/div><div class=\"av-image-caption-overlay-position\"><div class=\"av-image-caption-overlay-center\"><p>\u2981 Likya Uygarl\u0131klar\u0131 M\u00fczesi-Andriake Roma Liman\u0131<\/p>\n<\/div><\/div><\/div><img decoding=\"async\" class='wp-image-1089 avia-img-lazy-loading-not-1089 avia_image' src=\"https:\/\/360derece.info\/wp-content\/uploads\/2022\/02\/Basliksiz-2-8.jpg\" alt='' title=''  height=\"1720\" width=\"2560\"  itemprop=\"thumbnailUrl\" srcset=\"https:\/\/360derece.info\/wp-content\/uploads\/2022\/02\/Basliksiz-2-8.jpg 2560w, https:\/\/360derece.info\/wp-content\/uploads\/2022\/02\/Basliksiz-2-8-300x202.jpg 300w, https:\/\/360derece.info\/wp-content\/uploads\/2022\/02\/Basliksiz-2-8-1030x692.jpg 1030w, https:\/\/360derece.info\/wp-content\/uploads\/2022\/02\/Basliksiz-2-8-768x516.jpg 768w, https:\/\/360derece.info\/wp-content\/uploads\/2022\/02\/Basliksiz-2-8-1536x1032.jpg 1536w, https:\/\/360derece.info\/wp-content\/uploads\/2022\/02\/Basliksiz-2-8-2048x1376.jpg 2048w, https:\/\/360derece.info\/wp-content\/uploads\/2022\/02\/Basliksiz-2-8-18x12.jpg 18w, https:\/\/360derece.info\/wp-content\/uploads\/2022\/02\/Basliksiz-2-8-1500x1008.jpg 1500w, https:\/\/360derece.info\/wp-content\/uploads\/2022\/02\/Basliksiz-2-8-705x474.jpg 705w\" sizes=\"(max-width: 2560px) 100vw, 2560px\" \/><\/a><\/div><\/div><\/div><\/div><div class='flex_column av-xd9r-ca47f7281d14fc3ae3e873fb41e3af6b av_one_fourth  avia-builder-el-9  el_after_av_one_fourth  avia-builder-el-last  flex_column_div column-top-margin'   ><\/div><\/p>","protected":false},"excerpt":{"rendered":"","protected":false},"author":1,"featured_media":0,"parent":0,"menu_order":0,"comment_status":"closed","ping_status":"closed","template":"","meta":{"footnotes":""},"class_list":["post-847","page","type-page","status-publish","hentry"],"_links":{"self":[{"href":"https:\/\/360derece.info\/en\/wp-json\/wp\/v2\/pages\/847","targetHints":{"allow":["GET"]}}],"collection":[{"href":"https:\/\/360derece.info\/en\/wp-json\/wp\/v2\/pages"}],"about":[{"href":"https:\/\/360derece.info\/en\/wp-json\/wp\/v2\/types\/page"}],"author":[{"embeddable":true,"href":"https:\/\/360derece.info\/en\/wp-json\/wp\/v2\/users\/1"}],"replies":[{"embeddable":true,"href":"https:\/\/360derece.info\/en\/wp-json\/wp\/v2\/comments?post=847"}],"version-history":[{"count":10,"href":"https:\/\/360derece.info\/en\/wp-json\/wp\/v2\/pages\/847\/revisions"}],"predecessor-version":[{"id":1609,"href":"https:\/\/360derece.info\/en\/wp-json\/wp\/v2\/pages\/847\/revisions\/1609"}],"wp:attachment":[{"href":"https:\/\/360derece.info\/en\/wp-json\/wp\/v2\/media?parent=847"}],"curies":[{"name":"wp","href":"https:\/\/api.w.org\/{rel}","templated":true}]}}