{"id":320,"date":"2015-02-24T22:59:57","date_gmt":"2015-02-24T19:59:57","guid":{"rendered":"http:\/\/wp\/enfold-medium-business\/?page_id=320"},"modified":"2025-01-15T22:46:43","modified_gmt":"2025-01-15T19:46:43","slug":"hikayemiz","status":"publish","type":"page","link":"https:\/\/360derece.info\/en\/hikayemiz\/","title":{"rendered":"About Us"},"content":{"rendered":"<style type=\"text\/css\" data-created_by=\"avia_inline_auto\" id=\"style-css-av-glwdk8-3ca0a970e4218fa865f07f97511c05a8\">\n.avia-section.av-glwdk8-3ca0a970e4218fa865f07f97511c05a8 .av-parallax .av-parallax-inner{\nbackground-repeat:no-repeat;\nbackground-image:url(https:\/\/360derece.info\/wp-content\/uploads\/2022\/02\/WhatsApp-Image-2022-02-18-at-14.02.31.jpeg);\nbackground-position:50% 50%;\nbackground-attachment:scroll;\n}\n.avia-section.av-glwdk8-3ca0a970e4218fa865f07f97511c05a8 .av-section-color-overlay{\nopacity:0.5;\nbackground-color:#000000;\n}\n<\/style>\n<div id='av_section_1'  class='avia-section av-glwdk8-3ca0a970e4218fa865f07f97511c05a8 main_color avia-section-huge avia-no-border-styling  avia-builder-el-0  el_before_av_section  avia-builder-el-first  avia-full-stretch av-parallax-section avia-bg-style-parallax av-section-color-overlay-active av-minimum-height av-minimum-height-75  container_wrap sidebar_right'  data-section-bg-repeat='stretch' data-av_minimum_height_pc='75'><div class='av-parallax' data-avia-parallax-ratio='0.3' ><div class='av-parallax-inner main_color avia-full-stretch'><\/div><\/div><div class=\"av-section-color-overlay-wrap\"><div class=\"av-section-color-overlay\"><\/div><a href='#next-section' title='' class='scroll-down-link' aria-hidden='true' data-av_icon='\ue877' data-av_iconfont='entypo-fontello'><\/a><div class='container av-section-cont-open' ><main  role=\"main\" itemprop=\"mainContentOfPage\"  class='template-page content  av-content-small alpha units'><div class='post-entry post-entry-type-page post-entry-320'><div class='entry-content-wrapper clearfix'>\n<div class='flex_column av-gh7820-3a503debe9622ef98c75242112af47ad av_one_fifth  avia-builder-el-1  el_before_av_three_fifth  avia-builder-el-first  first flex_column_div'   ><\/div><div class='flex_column av-gdee4o-973ad3dcee06da04c1078ce275bf9ade av_three_fifth  avia-builder-el-2  el_after_av_one_fifth  el_before_av_one_fifth  flex_column_div'   ><p>\n<style type=\"text\/css\" data-created_by=\"avia_inline_auto\" id=\"style-css-av-g5is94-05715d5f2bd5a4c733fe7e933119e6a8\">\n#top .av-special-heading.av-g5is94-05715d5f2bd5a4c733fe7e933119e6a8{\npadding-bottom:10px;\ncolor:#ffffff;\nfont-size:40px;\n}\nbody .av-special-heading.av-g5is94-05715d5f2bd5a4c733fe7e933119e6a8 .av-special-heading-tag .heading-char{\nfont-size:25px;\n}\n#top #wrap_all .av-special-heading.av-g5is94-05715d5f2bd5a4c733fe7e933119e6a8 .av-special-heading-tag{\nfont-size:40px;\n}\n.av-special-heading.av-g5is94-05715d5f2bd5a4c733fe7e933119e6a8 .special-heading-inner-border{\nborder-color:#ffffff;\n}\n.av-special-heading.av-g5is94-05715d5f2bd5a4c733fe7e933119e6a8 .av-subheading{\nfont-size:15px;\n}\n<\/style>\n<div  class='av-special-heading av-g5is94-05715d5f2bd5a4c733fe7e933119e6a8 av-special-heading-h1 custom-color-heading blockquote modern-quote modern-centered  avia-builder-el-3  el_before_av_hr  avia-builder-el-first  av-thin-font av-inherit-size'><h1 class='av-special-heading-tag'  itemprop=\"headline\"  >The most beautiful sea is <strong>the one that hasn't been visited yet. <\/strong><\/h1><div class='av_custom_color av-subheading av-subheading_below'><p>Naz\u0131m Hikmet Ran<\/p>\n<\/div><div class=\"special-heading-border\"><div class=\"special-heading-inner-border\"><\/div><\/div><\/div><br \/>\n\n<style type=\"text\/css\" data-created_by=\"avia_inline_auto\" id=\"style-css-av-fxbpkg-d8d1e7c9c46a5ac79909b5f72223e7ff\">\n#top .hr.av-fxbpkg-d8d1e7c9c46a5ac79909b5f72223e7ff{\nmargin-top:40px;\nmargin-bottom:40px;\n}\n.hr.av-fxbpkg-d8d1e7c9c46a5ac79909b5f72223e7ff .hr-inner{\nwidth:50px;\nborder-color:#ffffff;\n}\n<\/style>\n<div  class='hr av-fxbpkg-d8d1e7c9c46a5ac79909b5f72223e7ff hr-custom  avia-builder-el-4  el_after_av_heading  avia-builder-el-last  hr-center hr-icon-no'><span class='hr-inner inner-border-av-border-fat'><span class=\"hr-inner-style\"><\/span><\/span><\/div><\/p><\/div><div class='flex_column av-fruwow-34551b2d46ca13abed06907178f9112a av_one_fifth  avia-builder-el-5  el_after_av_three_fifth  avia-builder-el-last  flex_column_div'   ><\/div>\n\n<\/div><\/div><\/main><!-- close content main element --><\/div><\/div><\/div><div id='pricing'  class='avia-section av-etia68-847993a7445b7a9ee5b4e3d134240b90 main_color avia-section-default avia-no-border-styling  avia-builder-el-6  el_after_av_section  el_before_av_section  avia-bg-style-scroll container_wrap sidebar_right'  ><div class='container av-section-cont-open' ><div class='template-page content  av-content-small alpha units'><div class='post-entry post-entry-type-page post-entry-320'><div class='entry-content-wrapper clearfix'>\n<div class='flex_column av-mvcog-4ec5dfc832f4ca99af1f02898cd76d0b av_one_third  avia-builder-el-7  el_before_av_one_third  avia-builder-el-first  first flex_column_div'   ><\/div><div class='flex_column av-7rmls-8dddf3a28e9de1b9385a86482dabd035 av_one_third  avia-builder-el-8  el_after_av_one_third  el_before_av_one_third  flex_column_div'   ><style type=\"text\/css\" data-created_by=\"avia_inline_auto\" id=\"style-css-av-kz9se18n-c4ca0b2138f7ad0c493c7ac9cf114693\">\n#top .av-special-heading.av-kz9se18n-c4ca0b2138f7ad0c493c7ac9cf114693{\npadding-bottom:10px;\n}\nbody .av-special-heading.av-kz9se18n-c4ca0b2138f7ad0c493c7ac9cf114693 .av-special-heading-tag .heading-char{\nfont-size:25px;\npadding-bottom:10px;\n}\n.av-special-heading.av-kz9se18n-c4ca0b2138f7ad0c493c7ac9cf114693 .av-subheading{\nfont-size:15px;\n}\n<\/style>\n<div  class='av-special-heading av-kz9se18n-c4ca0b2138f7ad0c493c7ac9cf114693 av-special-heading-h3 blockquote elegant-quote elegant-centered  avia-builder-el-9  avia-builder-el-no-sibling  av-icon'><h3 class='av-special-heading-tag'  itemprop=\"headline\"  ><span class='heading-char avia-font-entypo-fontello' aria-hidden='true' data-av_icon='\ue8c0' data-av_iconfont='entypo-fontello'><\/span><span class=\"heading-wrap\">OUR STORY<\/span><\/h3><div class=\"special-heading-border\"><div class=\"special-heading-inner-border\"><\/div><\/div><\/div><\/div><div class='flex_column av-eduzs-c973275c453f23dc87ef5bd451c37868 av_one_third  avia-builder-el-10  el_after_av_one_third  el_before_av_one_full  flex_column_div'   ><\/div><div class='flex_column av-7h2z4-efb18b321e4c4f354630ad2fe83667b8 av_one_full  avia-builder-el-11  el_after_av_one_third  el_before_av_textblock  first flex_column_div column-top-margin'   ><\/div>\n<style type=\"text\/css\" data-created_by=\"avia_inline_auto\" id=\"style-css-av-kz9sb30v-df0d214181ea641818cf16a4fccfa6d3\">\n#top .av_textblock_section.av-kz9sb30v-df0d214181ea641818cf16a4fccfa6d3 .avia_textblock{\nfont-size:18px;\n}\n<\/style>\n<section  class='av_textblock_section av-kz9sb30v-df0d214181ea641818cf16a4fccfa6d3'  itemscope=\"itemscope\" itemtype=\"https:\/\/schema.org\/CreativeWork\" ><div class='avia_textblock'  itemprop=\"text\" ><p style=\"text-align: center;\"><span style=\"font-weight: 400;\">In 2004, a passionate collective of archaeologists, historians, engineers, seafarers, and boatbuilding experts came together in the charming town of Urla, Izmir, to create the <\/span><b>360 Degree Historical Research Association.<\/b><span style=\"font-weight: 400;\">Driven by a shared commitment to uncovering the rich tapestry of our past, we delve into the realms of history and marine archaeology, igniting curiosity and fostering a deeper understanding of our heritage.<\/span><\/p>\n<p style=\"text-align: center;\"><span style=\"font-weight: 400;\">From the very beginning, our journey has been about more than just research; it\u2019s about connecting communities with their history and inspiring future generations. We actively share our discoveries through engaging publications, captivating documentaries, and vibrant events such as exhibitions, conferences, and re-enactment projects. <\/span><span style=\"font-weight: 400;\">Since our inception, we have received numerous awards \u2014not just as recognition of our accomplishments, but as a testament to the importance of preserving history and honoring local conservation efforts. Among our proudest moments are the Jury Special Award for Respect for History and Local Conservation from the Izmir Metropolitan Municipality in 2017 and the 4th International Ozkan Mert Award in 2018. Our work gained international recognition in 2013 when it was highlighted by the esteemed Maine Maritime Academy in the United States, reminding us that the pursuit of knowledge knows no borders.<\/span><span style=\"font-weight: 400;\">Our journey continues to evolve, and in 2021, one of our founders, Sidar Duman, took to the airwaves on A\u00e7\u0131k Radyo with the show \u201cIn the Mediterranean without a Compass,\u201d further enriching the conversation around our vital areas of interest. Together, we aspire to inspire and educate, exploring the depths of our history and ensuring that its treasures are preserved and celebrated for generations to come. Nowadays, we are busy with exciting new developments\u2026<\/span><\/p>\n<\/div><\/section>\n\n<\/div><\/div><\/div><!-- close content main div --><\/div><\/div>\n<style type=\"text\/css\" data-created_by=\"avia_inline_auto\" id=\"style-css-av-6cdo6o-1c5446337ac4691a552974e2a9050fd0\">\n.avia-section.av-6cdo6o-1c5446337ac4691a552974e2a9050fd0{\nbackground-color:#fcfcfc;\n}\n<\/style>\n<div id='faq'  class='avia-section av-6cdo6o-1c5446337ac4691a552974e2a9050fd0 main_color avia-section-huge avia-no-border-styling  avia-builder-el-13  el_after_av_section  avia-builder-el-last  avia-bg-style-scroll container_wrap sidebar_right'  ><div class='container av-section-cont-open' ><div class='template-page content  av-content-small alpha units'><div class='post-entry post-entry-type-page post-entry-320'><div class='entry-content-wrapper clearfix'>\n<div class='flex_column av-68uqqo-f1d13846ca989dedf64c8f0d29df8c4e av_one_fifth  avia-builder-el-14  el_before_av_three_fifth  avia-builder-el-first  first flex_column_div'   ><\/div><div class='flex_column av-630hao-46a72cfe86e80f1c270800f3082f4062 av_three_fifth  avia-builder-el-15  el_after_av_one_fifth  el_before_av_one_fifth  flex_column_div'   ><style type=\"text\/css\" data-created_by=\"avia_inline_auto\" id=\"style-css-av-5tmhuw-0a7540ea8506781f090e22864ffa05ff\">\n#top .av-special-heading.av-5tmhuw-0a7540ea8506781f090e22864ffa05ff{\npadding-bottom:10px;\nfont-size:40px;\n}\nbody .av-special-heading.av-5tmhuw-0a7540ea8506781f090e22864ffa05ff .av-special-heading-tag .heading-char{\nfont-size:25px;\n}\n#top #wrap_all .av-special-heading.av-5tmhuw-0a7540ea8506781f090e22864ffa05ff .av-special-heading-tag{\nfont-size:40px;\n}\n.av-special-heading.av-5tmhuw-0a7540ea8506781f090e22864ffa05ff .av-subheading{\nfont-size:15px;\n}\n<\/style>\n<div  class='av-special-heading av-5tmhuw-0a7540ea8506781f090e22864ffa05ff av-special-heading-h1 blockquote modern-quote modern-centered  avia-builder-el-16  avia-builder-el-no-sibling  av-inherit-size'><h1 class='av-special-heading-tag'  itemprop=\"headline\"  >FREQUENTLY ASKED QUESTIONS<\/h1><div class=\"special-heading-border\"><div class=\"special-heading-inner-border\"><\/div><\/div><\/div><\/div><div class='flex_column av-5oh0e0-0619cb8c535f62d144bee71b719c34f7 av_one_fifth  avia-builder-el-17  el_after_av_three_fifth  el_before_av_hr  flex_column_div'   ><\/div>\n<style type=\"text\/css\" data-created_by=\"avia_inline_auto\" id=\"style-css-av-5hi4r4-37f6bc2032c4714f6a0b087b581df2fb\">\n#top .hr.av-5hi4r4-37f6bc2032c4714f6a0b087b581df2fb{\nmargin-top:70px;\nmargin-bottom:70px;\n}\n.hr.av-5hi4r4-37f6bc2032c4714f6a0b087b581df2fb .hr-inner{\nwidth:50px;\nborder-color:#000000;\n}\n<\/style>\n<div  class='hr av-5hi4r4-37f6bc2032c4714f6a0b087b581df2fb hr-custom  avia-builder-el-18  el_after_av_one_fifth  el_before_av_one_half  hr-center hr-icon-no'><span class='hr-inner inner-border-av-border-fat'><span class=\"hr-inner-style\"><\/span><\/span><\/div>\n<div class='flex_column av-5efj9s-fc8b29e39f38df1d9809b66cc8592ef2 av_one_half  avia-builder-el-19  el_after_av_hr  el_before_av_one_half  first flex_column_div'   ><div  class='togglecontainer av-4p87ow-22acdad60b676c6589e1feab5551d445  avia-builder-el-20  avia-builder-el-no-sibling  toggle_close_all' ><div class='taglist'><a href=\"#\" data-tag=\"{All}\" class=\"activeFilter\">All<\/a><span class='tag-seperator'>\/<\/span><a href=\"#\" data-tag=\"{Installation}\" class=\"\">Installation<\/a><span class='tag-seperator'>\/<\/span><a href=\"#\" data-tag=\"{Misc}\" class=\"\">Misc<\/a><span class='tag-seperator'>\/<\/span><a href=\"#\" data-tag=\"{Pre Sales}\" class=\"\">Pre Sales<\/a><span class='tag-seperator'>\/<\/span><a href=\"#\" data-tag=\"{Pricing}\" class=\"\">Pricing<\/a><span class='tag-seperator'>\/<\/span><\/div>\n<section class='av_toggle_section av-4lf94w-ac5d609e7566a4af46b271d6f95dae42'  itemscope=\"itemscope\" itemtype=\"https:\/\/schema.org\/CreativeWork\" ><div role=\"tablist\" class=\"single_toggle\" data-tags=\"{All} {Installation} {Misc} \"  ><p data-fake-id='#toggle-id-1' class='toggler'  itemprop=\"headline\"  role='tab' tabindex='0' aria-controls='toggle-id-1'>Who Are We?<span class=\"toggle_icon\"><span class=\"vert_icon\"><\/span><span class=\"hor_icon\"><\/span><\/span><\/p><div id='toggle-id-1' class='toggle_wrap'  ><div class='toggle_content invers-color'  itemprop=\"text\" ><p style=\"text-align: left;\"><strong>We are a group inspired by the historical values of our country, leading some of us to abandon professional life and engage in remarkable activities. Our mission is to share the extraordinary history of this land through various projects. We have found that physical artefacts, such as replicas, can be invaluable in this endeavour, and we continue to create them<\/strong><\/p>\n<\/div><\/div><\/div><\/section>\n<section class='av_toggle_section av-4cyyns-1815d36a80fb8de5385398248e2003eb'  itemscope=\"itemscope\" itemtype=\"https:\/\/schema.org\/CreativeWork\" ><div role=\"tablist\" class=\"single_toggle\" data-tags=\"{All} {Installation} \"  ><p data-fake-id='#toggle-id-2' class='toggler'  itemprop=\"headline\"  role='tab' tabindex='0' aria-controls='toggle-id-2'>Can We Visit You?<span class=\"toggle_icon\"><span class=\"vert_icon\"><\/span><span class=\"hor_icon\"><\/span><\/span><\/p><div id='toggle-id-2' class='toggle_wrap'  ><div class='toggle_content invers-color'  itemprop=\"text\" ><p style=\"text-align: left;\"><strong>Absolutely! We are located in Urla Iskele at our boatyard. If you would like to visit, we would love to meet you. It\u2019s a good idea to email us at info@360derece.info before coming to ensure we\u2019ll welcome you. Our address is Iskele Mahallesi, 2129 Sokak No:5, Urla, Izmir, Turkey.<\/strong><\/p>\n<\/div><\/div><\/div><\/section>\n<section class='av_toggle_section av-466ii8-75e3540c623ea1bf3c1ae2ac276755e3'  itemscope=\"itemscope\" itemtype=\"https:\/\/schema.org\/CreativeWork\" ><div role=\"tablist\" class=\"single_toggle\" data-tags=\"{All} {Pricing} {Misc} \"  ><p data-fake-id='#toggle-id-3' class='toggler'  itemprop=\"headline\"  role='tab' tabindex='0' aria-controls='toggle-id-3'>Is 360 Degree an association?<span class=\"toggle_icon\"><span class=\"vert_icon\"><\/span><span class=\"hor_icon\"><\/span><\/span><\/p><div id='toggle-id-3' class='toggle_wrap'  ><div class='toggle_content invers-color'  itemprop=\"text\" ><p style=\"text-align: left;\"><strong>Yes, we have been an association since 2004 and are proud to be the only organisation of our kind in Turkey.<\/strong><\/p>\n<\/div><\/div><\/div><\/section>\n<section class='av_toggle_section av-43f8fk-d56e98df6babc5f9775b15dab6df7ad6'  itemscope=\"itemscope\" itemtype=\"https:\/\/schema.org\/CreativeWork\" ><div role=\"tablist\" class=\"single_toggle\" data-tags=\"{All} {Pricing} \"  ><p data-fake-id='#toggle-id-4' class='toggler'  itemprop=\"headline\"  role='tab' tabindex='0' aria-controls='toggle-id-4'>How can we support you?<span class=\"toggle_icon\"><span class=\"vert_icon\"><\/span><span class=\"hor_icon\"><\/span><\/span><\/p><div id='toggle-id-4' class='toggle_wrap'  ><div class='toggle_content invers-color'  itemprop=\"text\" ><p style=\"text-align: left;\"><strong>There are many ways to contribute to our projects. If you have carpentry skills, you can assist us in manufacturing replicas at our boatyard. If you know archaeology and speak Western languages, you can help with conceptual studies for our projects. Those with expertise in librarianship can help us promote our 20-year-old library. Additionally, you can support us through donations. Please email us to introduce yourself and outline your knowledge; we would love to connect.<\/strong><\/p>\n<\/div><\/div><\/div><\/section>\n<section class='av_toggle_section av-e4k48-84a566d585864f7732aef6be16b18926'  itemscope=\"itemscope\" itemtype=\"https:\/\/schema.org\/CreativeWork\" ><div role=\"tablist\" class=\"single_toggle\" data-tags=\"{All} {Installation} {Misc} \"  ><p data-fake-id='#toggle-id-5' class='toggler'  itemprop=\"headline\"  role='tab' tabindex='0' aria-controls='toggle-id-5'>Will you welcome visitor groups from schools?<span class=\"toggle_icon\"><span class=\"vert_icon\"><\/span><span class=\"hor_icon\"><\/span><\/span><\/p><div id='toggle-id-5' class='toggle_wrap'  ><div class='toggle_content invers-color'  itemprop=\"text\" ><p style=\"text-align: left;\"><strong>We love welcoming school groups! Since 2014, we have had the pleasure of hosting tens of thousands of student visitors at our boatyard. Our collaborations with some of our country's most established and oldest educational institutions make us proud.<\/strong><\/p>\n<\/div><\/div><\/div><\/section>\n<section class='av_toggle_section av-3smgag-f169e13ac1a4b1bda746163fc95bf96f'  itemscope=\"itemscope\" itemtype=\"https:\/\/schema.org\/CreativeWork\" ><div role=\"tablist\" class=\"single_toggle\" data-tags=\"{All} {Pre Sales} \"  ><p data-fake-id='#toggle-id-6' class='toggler'  itemprop=\"headline\"  role='tab' tabindex='0' aria-controls='toggle-id-6'>What is the concept of experimental archaeology?<span class=\"toggle_icon\"><span class=\"vert_icon\"><\/span><span class=\"hor_icon\"><\/span><\/span><\/p><div id='toggle-id-6' class='toggle_wrap'  ><div class='toggle_content invers-color'  itemprop=\"text\" ><p style=\"text-align: left;\"><strong>When we visit an ancient site, such as the Pyramids, one of the first questions that arises is how the ancients constructed these impressive structures. How were the stones moved, shaped, and erected? Experimental archaeology addresses these fundamental questions. It focuses not on \"who the builders were,\" but on practical exploration.  For example, it may involve attempting to reconstruct Hadrian's Wall using the tools, methods, and materials that were available at that time. This branch of archaeology involves replicating archaeological objects while adhering to the conditions and techniques of their respective periods. The advantage of these reconstructions is that they are not merely displayed behind glass in a museum; instead, they are designed to be utilized, tested, and interacted with.<\/strong><br \/>\n<strong>\u00c7evremize bu g\u00f6zle bakarsak, say\u0131s\u0131z deneysel arkeoloji konusu \u00e7\u0131kartabiliriz. \u00d6rne\u011fin Do\u011fu Roma \u0130mparatoru Theodosius, M.S 390 y\u0131l\u0131nda M\u0131s\u0131r\u2019da bulunan bir obeliskin \u0130stanbul\u2019a getirilmesini istemi\u015ftir. Orijinal boyu 30 metre ve a\u011f\u0131rl\u0131\u011f\u0131 200 ton olan bu dikilita\u015f hangi y\u00f6ntemlerle ta\u015f\u0131n\u0131p getirilmi\u015ftir? Ne t\u00fcr bir gemiye nas\u0131l y\u00fcklenmi\u015ftir? Yolda hangi limanlara u\u011fram\u0131\u015ft\u0131r, ne t\u00fcr zorluklar ya\u015fanm\u0131\u015ft\u0131r?\u2028Biz bu bilgileri deneyerek bilebilece\u011fimizi g\u00f6rd\u00fck, daha da \u00e7ok bilebilmek i\u00e7in denemeye, deneysel arkeoloji \u00e7al\u0131\u015fmaya devam ediyoruz.<\/strong><\/p>\n<\/div><\/div><\/div><\/section>\n<\/div><\/div><div class='flex_column av-507n14-04d4a6cae020735c4853e7024f1d1083 av_one_half  avia-builder-el-21  el_after_av_one_half  el_before_av_one_full  flex_column_div'   ><style type=\"text\/css\" data-created_by=\"avia_inline_auto\" id=\"style-css-av-kzsjm9ny-8d7917f95e84aeb44e91341ed8c7913d\">\n.avia-image-container.av-kzsjm9ny-8d7917f95e84aeb44e91341ed8c7913d .av-image-caption-overlay-center{\ncolor:#ffffff;\n}\n<\/style>\n<div  class='avia-image-container av-kzsjm9ny-8d7917f95e84aeb44e91341ed8c7913d av-styling- avia-align-center  avia-builder-el-22  avia-builder-el-no-sibling'  itemprop=\"image\" itemscope=\"itemscope\" itemtype=\"https:\/\/schema.org\/ImageObject\" ><div class=\"avia-image-container-inner\"><div class=\"avia-image-overlay-wrap\"><img decoding=\"async\" class='wp-image-1365 avia-img-lazy-loading-not-1365 avia_image' src=\"https:\/\/360derece.info\/wp-content\/uploads\/2022\/02\/0-6-598x630.jpg\" alt='' title='0-6'  height=\"630\" width=\"598\"  itemprop=\"thumbnailUrl\"  \/><\/div><\/div><\/div><\/div><div class='flex_column av-89qm0-703755657bec9b35d137d825c1e2d818 av_one_full  avia-builder-el-23  el_after_av_one_half  avia-builder-el-last  first flex_column_div column-top-margin'   ><p>\n<style type=\"text\/css\" data-created_by=\"avia_inline_auto\" id=\"style-css-av-80i1s-a7247378ef871026f9f82e6e0b061332\">\n#top .hr.av-80i1s-a7247378ef871026f9f82e6e0b061332{\nmargin-top:30px;\nmargin-bottom:30px;\n}\n.hr.av-80i1s-a7247378ef871026f9f82e6e0b061332 .hr-inner{\nwidth:50px;\nborder-color:#0a0a0a;\n}\n<\/style>\n<div  class='hr av-80i1s-a7247378ef871026f9f82e6e0b061332 hr-custom  avia-builder-el-24  el_before_av_button  avia-builder-el-first  hr-center hr-icon-no'><span class='hr-inner inner-border-av-border-fat'><span class=\"hr-inner-style\"><\/span><\/span><\/div><br \/>\n<div  class='avia-button-wrap avia-button-center  avia-builder-el-25  el_after_av_hr  avia-builder-el-last' >\n<style type=\"text\/css\" data-created_by=\"avia_inline_auto\" id=\"style-css-av-kzsjfu5r-65bba8d04bbec1aaee8301ddec572836\">\n#top #wrap_all .avia-button.av-kzsjfu5r-65bba8d04bbec1aaee8301ddec572836:hover{\nbackground-color:grey;\ncolor:black;\ntransition:all 0.4s ease-in-out;\n-webkit-transition:all 0.4s ease-in-out;\n-moz-transition:all 0.4s ease-in-out;\n-ms-transition:all 0.4s ease-in-out;\n-o-transition:all 0.4s ease-in-out;\n}\n<\/style>\n<a href='https:\/\/360derece.info\/en\/tuzuk\/' class='avia-button av-kzsjfu5r-65bba8d04bbec1aaee8301ddec572836 avia-icon_select-yes-left-icon avia-size-medium avia-position-center avia-color-dark avia-font-color-white' target=\"_blank\" rel=\"noopener noreferrer\"><span class='avia_button_icon avia_button_icon_left' aria-hidden='true' data-av_icon='\ue832' data-av_iconfont='entypo-fontello'><\/span><span class='avia_iconbox_title' >ARTICLES (TURKISH)<\/span><\/a><\/div><\/p><\/div><\/div><\/div><\/div><!-- close content main div --><\/div><\/div><div id='after_section_3'  class='main_color av_default_container_wrap container_wrap sidebar_right'  ><div class='container av-section-cont-open' ><div class='template-page content  av-content-small alpha units'><div class='post-entry post-entry-type-page post-entry-320'><div class='entry-content-wrapper clearfix'>","protected":false},"excerpt":{"rendered":"","protected":false},"author":1,"featured_media":0,"parent":0,"menu_order":0,"comment_status":"open","ping_status":"closed","template":"","meta":{"footnotes":""},"class_list":["post-320","page","type-page","status-publish","hentry"],"_links":{"self":[{"href":"https:\/\/360derece.info\/en\/wp-json\/wp\/v2\/pages\/320","targetHints":{"allow":["GET"]}}],"collection":[{"href":"https:\/\/360derece.info\/en\/wp-json\/wp\/v2\/pages"}],"about":[{"href":"https:\/\/360derece.info\/en\/wp-json\/wp\/v2\/types\/page"}],"author":[{"embeddable":true,"href":"https:\/\/360derece.info\/en\/wp-json\/wp\/v2\/users\/1"}],"replies":[{"embeddable":true,"href":"https:\/\/360derece.info\/en\/wp-json\/wp\/v2\/comments?post=320"}],"version-history":[{"count":53,"href":"https:\/\/360derece.info\/en\/wp-json\/wp\/v2\/pages\/320\/revisions"}],"predecessor-version":[{"id":1628,"href":"https:\/\/360derece.info\/en\/wp-json\/wp\/v2\/pages\/320\/revisions\/1628"}],"wp:attachment":[{"href":"https:\/\/360derece.info\/en\/wp-json\/wp\/v2\/media?parent=320"}],"curies":[{"name":"wp","href":"https:\/\/api.w.org\/{rel}","templated":true}]}}